{"id":285,"date":"2023-09-08T11:27:13","date_gmt":"2023-09-08T14:27:13","guid":{"rendered":"https:\/\/pdbguilherme.com\/?page_id=285"},"modified":"2025-10-25T13:32:30","modified_gmt":"2025-10-25T16:32:30","slug":"linhas-de-pesquisa","status":"publish","type":"page","link":"https:\/\/pdbguilherme.com\/?page_id=285","title":{"rendered":"Linhas de Pesquisa"},"content":{"rendered":"\n<div class=\"wp-block-uagb-info-box uagb-block-d1e8445f uagb-infobox__content-wrap  uagb-infobox-icon-above-title uagb-infobox-image-valign-top\"><div class=\"uagb-ifb-content\"><div class=\"uagb-ifb-image-content\"><img decoding=\"async\" src=\"https:\/\/pdbguilherme.com\/wp-content\/uploads\/2023\/08\/cargo-ship-150x150.png\" alt=\"\" width=\"\" height=\"0\" loading=\"lazy\"\/><\/div><div class=\"uagb-ifb-title-wrap\"><h3 class=\"uagb-ifb-title\">Monitoramento ambiental portu\u00e1rio<\/h3><\/div><p class=\"uagb-ifb-desc\">O monitoramento ambiental portu\u00e1rio \u00e9 um processo cont\u00ednuo e sistem\u00e1tico de coleta e an\u00e1lise de dados ambientais para avaliar a qualidade e o impacto sobre os recursos naturais em regi\u00f5es portu\u00e1rias, permitindo a identifica\u00e7\u00e3o de tend\u00eancias ao longo do tempo e a promo\u00e7\u00e3o da conserva\u00e7\u00e3o e sustentabilidade.<\/p><\/div><\/div>\n\n\n\n<div class=\"wp-block-uagb-info-box uagb-block-d1e8445f uagb-infobox__content-wrap  uagb-infobox-icon-above-title uagb-infobox-image-valign-top\"><div class=\"uagb-ifb-content\"><div class=\"uagb-ifb-image-content\"><img decoding=\"async\" src=\"https:\/\/pdbguilherme.com\/wp-content\/uploads\/2023\/08\/beach-150x150.png\" alt=\"\" width=\"\" height=\"0\" loading=\"lazy\"\/><\/div><div class=\"uagb-ifb-title-wrap\"><h3 class=\"uagb-ifb-title\">Ecologia de ambientes costeiros e insulares<\/h3><\/div><p class=\"uagb-ifb-desc\">Na ecologia de ambientes costeiros e insulares, busco explorar a complexa intera\u00e7\u00e3o entre os ecossistemas marinhos e terrestres, e como essa din\u00e2mica influencia a biodiversidade e a resili\u00eancia desses ambientes \u00fanicos.<\/p><\/div><\/div>\n\n\n\n<div class=\"wp-block-uagb-info-box uagb-block-d1e8445f uagb-infobox__content-wrap  uagb-infobox-icon-above-title uagb-infobox-image-valign-top\"><div class=\"uagb-ifb-content\"><div class=\"uagb-ifb-image-content\"><img decoding=\"async\" src=\"https:\/\/pdbguilherme.com\/wp-content\/uploads\/2023\/08\/research-150x150.png\" alt=\"\" width=\"\" height=\"0\" loading=\"lazy\"\/><\/div><div class=\"uagb-ifb-title-wrap\"><h3 class=\"uagb-ifb-title\">Inova\u00e7\u00e3o em m\u00e9todos pesquisa ecol\u00f3gica<\/h3><\/div><p class=\"uagb-ifb-desc\">Nessa linha de pesquisa, destaca-se \u00e0 inova\u00e7\u00e3o em m\u00e9todos de pesquisa ecol\u00f3gica, buscando aprimorar as ferramentas e t\u00e9cnicas utilizadas para entender e conservar os ecossistemas, promovendo avan\u00e7os na ci\u00eancia e na tomada de decis\u00f5es ambientais.<\/p><\/div><\/div>\n\n\n\n<div class=\"wp-block-uagb-info-box uagb-block-7d182cbf uagb-infobox__content-wrap  uagb-infobox-icon-above-title uagb-infobox-image-valign-top\"><div class=\"uagb-ifb-content\"><div class=\"uagb-ifb-image-content\"><img decoding=\"async\" src=\"https:\/\/pdbguilherme.com\/wp-content\/uploads\/2023\/08\/world-150x150.png\" alt=\"\" width=\"\" height=\"0\" loading=\"lazy\"\/><\/div><div class=\"uagb-ifb-title-wrap\"><h3 class=\"uagb-ifb-title\">Solu\u00e7\u00f5es para problemas ambientais<\/h3><\/div><p class=\"uagb-ifb-desc\">Nessa linha de pesquisa a ideia \u00e9 abordar desafios ambientais contempor\u00e2neos que exigem interdisciplinaridade, unindo diversos campos do conhecimento para compreender a complexidade ambiental. Essa abordagem, intr\u00ednseca \u00e0s Ci\u00eancias Ambientais, promove a colabora\u00e7\u00e3o global, incorporando demandas socioambientais no caminho para o desenvolvimento sustent\u00e1vel.<\/p><\/div><\/div>\n","protected":false},"excerpt":{"rendered":"","protected":false},"author":1,"featured_media":0,"parent":0,"menu_order":0,"comment_status":"closed","ping_status":"closed","template":"","meta":{"_uag_custom_page_level_css":"","footnotes":""},"class_list":["post-285","page","type-page","status-publish","hentry"],"uagb_featured_image_src":{"full":false,"thumbnail":false,"medium":false,"medium_large":false,"large":false,"1536x1536":false,"2048x2048":false},"uagb_author_info":{"display_name":"pdbguilherme","author_link":"https:\/\/pdbguilherme.com\/?author=1"},"uagb_comment_info":0,"uagb_excerpt":null,"_links":{"self":[{"href":"https:\/\/pdbguilherme.com\/index.php?rest_route=\/wp\/v2\/pages\/285","targetHints":{"allow":["GET"]}}],"collection":[{"href":"https:\/\/pdbguilherme.com\/index.php?rest_route=\/wp\/v2\/pages"}],"about":[{"href":"https:\/\/pdbguilherme.com\/index.php?rest_route=\/wp\/v2\/types\/page"}],"author":[{"embeddable":true,"href":"https:\/\/pdbguilherme.com\/index.php?rest_route=\/wp\/v2\/users\/1"}],"replies":[{"embeddable":true,"href":"https:\/\/pdbguilherme.com\/index.php?rest_route=%2Fwp%2Fv2%2Fcomments&post=285"}],"version-history":[{"count":2,"href":"https:\/\/pdbguilherme.com\/index.php?rest_route=\/wp\/v2\/pages\/285\/revisions"}],"predecessor-version":[{"id":418,"href":"https:\/\/pdbguilherme.com\/index.php?rest_route=\/wp\/v2\/pages\/285\/revisions\/418"}],"wp:attachment":[{"href":"https:\/\/pdbguilherme.com\/index.php?rest_route=%2Fwp%2Fv2%2Fmedia&parent=285"}],"curies":[{"name":"wp","href":"https:\/\/api.w.org\/{rel}","templated":true}]}}