{"id":356,"date":"2025-05-21T18:08:35","date_gmt":"2025-05-21T21:08:35","guid":{"rendered":"https:\/\/pdbguilherme.com\/?page_id=356"},"modified":"2025-05-22T08:48:29","modified_gmt":"2025-05-22T11:48:29","slug":"orientacoes-em-ppg","status":"publish","type":"page","link":"https:\/\/pdbguilherme.com\/?page_id=356","title":{"rendered":"Orienta\u00e7\u00f5es em PPG"},"content":{"rendered":"\n<div class=\"wp-block-uagb-advanced-heading uagb-block-f63dcd67\"><h2 class=\"uagb-heading-text\">P\u00f3s-Gradua\u00e7\u00e3o<\/h2><\/div>\n\n\n\n<div class=\"wp-block-group alignfull has-background is-layout-flow wp-block-group-is-layout-flow\" style=\"background-color:#171717;padding-top:var(--wp--preset--spacing--20);padding-bottom:var(--wp--preset--spacing--20)\">\n<h2 class=\"wp-block-heading has-text-align-center has-text-color\" style=\"color:#ffffff\">2025<\/h2>\n\n\n\n<div class=\"wp-block-columns alignwide is-layout-flex wp-container-core-columns-is-layout-28f84493 wp-block-columns-is-layout-flex\">\n<div class=\"wp-block-column is-layout-flow wp-block-column-is-layout-flow\">\n<div class=\"wp-block-group is-layout-flow wp-block-group-is-layout-flow\">\n<figure class=\"wp-block-image alignwide size-full has-custom-border is-style-default wp-duotone-unset-1\"><img loading=\"lazy\" decoding=\"async\" width=\"627\" height=\"628\" src=\"https:\/\/pdbguilherme.com\/wp-content\/uploads\/2025\/05\/Captura-de-tela_22-5-2025_84717_web.whatsapp.com_.jpeg\" alt=\"\" class=\"wp-image-381\" style=\"border-radius:20px\" srcset=\"https:\/\/pdbguilherme.com\/wp-content\/uploads\/2025\/05\/Captura-de-tela_22-5-2025_84717_web.whatsapp.com_.jpeg 627w, https:\/\/pdbguilherme.com\/wp-content\/uploads\/2025\/05\/Captura-de-tela_22-5-2025_84717_web.whatsapp.com_-300x300.jpeg 300w, https:\/\/pdbguilherme.com\/wp-content\/uploads\/2025\/05\/Captura-de-tela_22-5-2025_84717_web.whatsapp.com_-150x150.jpeg 150w\" sizes=\"auto, (max-width: 627px) 100vw, 627px\" \/><\/figure>\n\n\n\n<h6 class=\"wp-block-heading has-text-align-center has-ti-accent-color has-text-color\">Elliezer de Lima Correia<\/h6>\n\n\n\n<p class=\"has-text-align-center has-text-color has-small-font-size\" style=\"color:#d7d7d7;line-height:1.1\">Programa de P\u00f3s-Gradua\u00e7\u00e3o em Ambientes Litor\u00e2neos e Insulares<\/p>\n\n\n\n<div class=\"wp-block-uagb-separator uagb-block-a06aee53\"><div class=\"wp-block-uagb-separator__inner\" style=\"--my-background-image:\"><\/div><\/div>\n\n\n\n<p class=\"has-text-align-left has-text-color has-small-font-size\" style=\"color:#d7d7d7;line-height:1\">Diversidade taxon\u00f4mica e funcional de aves costeiras do Complexo Estuarino de Paranagu\u00e1<\/p>\n<\/div>\n<\/div>\n\n\n\n<div class=\"wp-block-column is-layout-flow wp-block-column-is-layout-flow\">\n<div class=\"wp-block-group is-layout-flow wp-block-group-is-layout-flow\">\n<figure class=\"wp-block-image alignwide size-full has-custom-border is-style-default wp-duotone-unset-2\"><img loading=\"lazy\" decoding=\"async\" width=\"627\" height=\"628\" src=\"https:\/\/pdbguilherme.com\/wp-content\/uploads\/2025\/05\/Captura-de-tela_22-5-2025_84717_web.whatsapp.com_.jpeg\" alt=\"\" class=\"wp-image-381\" style=\"border-radius:20px\" srcset=\"https:\/\/pdbguilherme.com\/wp-content\/uploads\/2025\/05\/Captura-de-tela_22-5-2025_84717_web.whatsapp.com_.jpeg 627w, https:\/\/pdbguilherme.com\/wp-content\/uploads\/2025\/05\/Captura-de-tela_22-5-2025_84717_web.whatsapp.com_-300x300.jpeg 300w, https:\/\/pdbguilherme.com\/wp-content\/uploads\/2025\/05\/Captura-de-tela_22-5-2025_84717_web.whatsapp.com_-150x150.jpeg 150w\" sizes=\"auto, (max-width: 627px) 100vw, 627px\" \/><\/figure>\n\n\n\n<h6 class=\"wp-block-heading has-text-align-center has-ti-accent-color has-text-color\">Elliezer de Lima Correia<\/h6>\n\n\n\n<p class=\"has-text-align-center has-text-color has-small-font-size\" style=\"color:#d7d7d7;line-height:1.1\">Programa de P\u00f3s-Gradua\u00e7\u00e3o em Ambientes Litor\u00e2neos e Insulares<\/p>\n\n\n\n<div class=\"wp-block-uagb-separator uagb-block-9b81c96e\"><div class=\"wp-block-uagb-separator__inner\" style=\"--my-background-image:\"><\/div><\/div>\n\n\n\n<p class=\"has-text-align-left has-text-color has-small-font-size\" style=\"color:#d7d7d7;line-height:1\">Diversidade taxon\u00f4mica e funcional de aves costeiras do Complexo Estuarino de Paranagu\u00e1<\/p>\n<\/div>\n<\/div>\n<\/div>\n<\/div>\n\n\n\n<div class=\"wp-block-group alignfull has-background is-layout-flow wp-block-group-is-layout-flow\" style=\"background-color:#171717;padding-top:var(--wp--preset--spacing--20);padding-bottom:var(--wp--preset--spacing--20)\">\n<h2 class=\"wp-block-heading has-text-align-center has-text-color\" style=\"color:#ffffff\">2023<\/h2>\n\n\n\n<div class=\"wp-block-columns alignwide is-layout-flex wp-container-core-columns-is-layout-28f84493 wp-block-columns-is-layout-flex\">\n<div class=\"wp-block-column is-layout-flow wp-block-column-is-layout-flow\">\n<div class=\"wp-block-group is-layout-flow wp-block-group-is-layout-flow\">\n<figure class=\"wp-block-image alignwide size-full has-custom-border is-style-default wp-duotone-unset-3\"><img loading=\"lazy\" decoding=\"async\" width=\"1061\" height=\"1061\" src=\"https:\/\/pdbguilherme.com\/wp-content\/uploads\/2025\/05\/WhatsApp-Image-2025-05-21-at-18.06.18-edited.jpeg\" alt=\"\" class=\"wp-image-370\" style=\"border-radius:20px\" srcset=\"https:\/\/pdbguilherme.com\/wp-content\/uploads\/2025\/05\/WhatsApp-Image-2025-05-21-at-18.06.18-edited.jpeg 1061w, https:\/\/pdbguilherme.com\/wp-content\/uploads\/2025\/05\/WhatsApp-Image-2025-05-21-at-18.06.18-edited-300x300.jpeg 300w, https:\/\/pdbguilherme.com\/wp-content\/uploads\/2025\/05\/WhatsApp-Image-2025-05-21-at-18.06.18-edited-1024x1024.jpeg 1024w, https:\/\/pdbguilherme.com\/wp-content\/uploads\/2025\/05\/WhatsApp-Image-2025-05-21-at-18.06.18-edited-150x150.jpeg 150w, https:\/\/pdbguilherme.com\/wp-content\/uploads\/2025\/05\/WhatsApp-Image-2025-05-21-at-18.06.18-edited-768x768.jpeg 768w\" sizes=\"auto, (max-width: 1061px) 100vw, 1061px\" \/><\/figure>\n\n\n\n<h6 class=\"wp-block-heading has-text-align-center has-ti-accent-color has-text-color\">Yara Nantes Vasconcelos<\/h6>\n\n\n\n<p class=\"has-text-align-center has-text-color has-small-font-size\" style=\"color:#d7d7d7;line-height:1.1\">Programa de P\u00f3s-Gradua\u00e7\u00e3o em Ambientes Litor\u00e2neos e Insulares<\/p>\n\n\n\n<div class=\"wp-block-uagb-separator uagb-block-aaabd9e2\"><div class=\"wp-block-uagb-separator__inner\" style=\"--my-background-image:\"><\/div><\/div>\n\n\n\n<p class=\"has-text-align-left has-text-color has-small-font-size\" style=\"color:#d7d7d7;line-height:1\">Aspectos reprodutivos e morfol\u00f3gico da esp\u00e9cie <em>Holothuria <\/em>(<em>Halodeima<\/em>) <em>grisea <\/em>Selenka: Um recurso vivo com potencial de cultivo.<\/p>\n<\/div>\n<\/div>\n\n\n\n<div class=\"wp-block-column is-layout-flow wp-block-column-is-layout-flow\">\n<div class=\"wp-block-group is-layout-flow wp-block-group-is-layout-flow\">\n<figure class=\"wp-block-image alignwide size-full has-custom-border is-style-default wp-duotone-unset-4\"><img loading=\"lazy\" decoding=\"async\" width=\"520\" height=\"521\" src=\"https:\/\/pdbguilherme.com\/wp-content\/uploads\/2025\/05\/Captura-de-tela_21-5-2025_18724_web.whatsapp.com_-edited.jpeg\" alt=\"\" class=\"wp-image-372\" style=\"border-radius:20px\" srcset=\"https:\/\/pdbguilherme.com\/wp-content\/uploads\/2025\/05\/Captura-de-tela_21-5-2025_18724_web.whatsapp.com_-edited.jpeg 520w, https:\/\/pdbguilherme.com\/wp-content\/uploads\/2025\/05\/Captura-de-tela_21-5-2025_18724_web.whatsapp.com_-edited-300x300.jpeg 300w, https:\/\/pdbguilherme.com\/wp-content\/uploads\/2025\/05\/Captura-de-tela_21-5-2025_18724_web.whatsapp.com_-edited-150x150.jpeg 150w\" sizes=\"auto, (max-width: 520px) 100vw, 520px\" \/><\/figure>\n\n\n\n<h6 class=\"wp-block-heading has-text-align-center has-ti-accent-color has-text-color\">Ana Paula Alves Borba<\/h6>\n\n\n\n<p class=\"has-text-align-center has-text-color has-small-font-size\" style=\"color:#d7d7d7;line-height:1.1\">Programa de P\u00f3s-Gradua\u00e7\u00e3o em Ambientes Litor\u00e2neos e Insulares<\/p>\n\n\n\n<div class=\"wp-block-uagb-separator uagb-block-7c74cc33\"><div class=\"wp-block-uagb-separator__inner\" style=\"--my-background-image:\"><\/div><\/div>\n\n\n\n<p class=\"has-text-align-left has-text-color has-small-font-size\" style=\"color:#d7d7d7;line-height:1\">An\u00e1lise do t\u00f3pico discursivo em publica\u00e7\u00f5es jornal\u00edsticas de cunho ambiental em Paranagu\u00e1-PR<\/p>\n<\/div>\n<\/div>\n<\/div>\n<\/div>\n\n\n\n<div class=\"wp-block-group alignfull has-background is-layout-flow wp-block-group-is-layout-flow\" style=\"background-color:#171717;padding-top:var(--wp--preset--spacing--20);padding-bottom:var(--wp--preset--spacing--20)\">\n<h2 class=\"wp-block-heading has-text-align-center has-text-color\" style=\"color:#ffffff\">2021<\/h2>\n\n\n\n<div class=\"wp-block-columns alignwide is-layout-flex wp-container-core-columns-is-layout-28f84493 wp-block-columns-is-layout-flex\">\n<div class=\"wp-block-column is-layout-flow wp-block-column-is-layout-flow\">\n<div class=\"wp-block-group is-layout-flow wp-block-group-is-layout-flow\">\n<figure class=\"wp-block-image alignwide size-large has-custom-border is-style-default wp-duotone-unset-5\"><img loading=\"lazy\" decoding=\"async\" width=\"960\" height=\"960\" src=\"https:\/\/pdbguilherme.com\/wp-content\/uploads\/2025\/05\/WhatsApp-Image-2025-03-04-at-13.13.37-9-edited.jpeg\" alt=\"\" class=\"wp-image-344\" style=\"border-radius:20px\" srcset=\"https:\/\/pdbguilherme.com\/wp-content\/uploads\/2025\/05\/WhatsApp-Image-2025-03-04-at-13.13.37-9-edited.jpeg 960w, https:\/\/pdbguilherme.com\/wp-content\/uploads\/2025\/05\/WhatsApp-Image-2025-03-04-at-13.13.37-9-edited-300x300.jpeg 300w, https:\/\/pdbguilherme.com\/wp-content\/uploads\/2025\/05\/WhatsApp-Image-2025-03-04-at-13.13.37-9-edited-150x150.jpeg 150w, https:\/\/pdbguilherme.com\/wp-content\/uploads\/2025\/05\/WhatsApp-Image-2025-03-04-at-13.13.37-9-edited-768x768.jpeg 768w\" sizes=\"auto, (max-width: 960px) 100vw, 960px\" \/><\/figure>\n\n\n\n<h6 class=\"wp-block-heading has-text-align-center has-ti-accent-color has-text-color\">Maria L\u00facia Ferreira<\/h6>\n\n\n\n<p class=\"has-text-align-center has-text-color has-small-font-size\" style=\"color:#d7d7d7;line-height:1.1\">Programa de P\u00f3s-Gradua\u00e7\u00e3o em Ambientes Litor\u00e2neos e Insulares<\/p>\n\n\n\n<div class=\"wp-block-uagb-separator uagb-block-4ea724de\"><div class=\"wp-block-uagb-separator__inner\" style=\"--my-background-image:\"><\/div><\/div>\n\n\n\n<p class=\"has-text-align-left has-text-color has-small-font-size\" style=\"color:#d7d7d7;line-height:1\"><mark style=\"background-color:rgba(0, 0, 0, 0)\" class=\"has-inline-color has-ti-fg-color\"><a href=\"https:\/\/repositorio.unespar.edu.br\/items\/c292df67-ba1d-4244-a351-47e425a467fe\" data-type=\"link\" data-id=\"https:\/\/repositorio.unespar.edu.br\/items\/c292df67-ba1d-4244-a351-47e425a467fe\">A perspectiva ambiental dos estudantes do Ensino B\u00e1sico de Paranagu\u00e1 (PR) sobre o ecossistema manguezal e seus impactos<\/a><\/mark><\/p>\n<\/div>\n<\/div>\n\n\n\n<div class=\"wp-block-column is-layout-flow wp-block-column-is-layout-flow\">\n<div class=\"wp-block-group is-layout-flow wp-block-group-is-layout-flow\">\n<figure class=\"wp-block-image alignwide size-full has-custom-border is-style-default wp-duotone-unset-6\"><img loading=\"lazy\" decoding=\"async\" width=\"396\" height=\"404\" src=\"https:\/\/pdbguilherme.com\/wp-content\/uploads\/2025\/05\/Captura-de-tela_21-5-2025_17178_web.whatsapp.com_.jpeg\" alt=\"\" class=\"wp-image-345\" style=\"border-radius:20px\" srcset=\"https:\/\/pdbguilherme.com\/wp-content\/uploads\/2025\/05\/Captura-de-tela_21-5-2025_17178_web.whatsapp.com_.jpeg 396w, https:\/\/pdbguilherme.com\/wp-content\/uploads\/2025\/05\/Captura-de-tela_21-5-2025_17178_web.whatsapp.com_-294x300.jpeg 294w\" sizes=\"auto, (max-width: 396px) 100vw, 396px\" \/><\/figure>\n\n\n\n<h6 class=\"wp-block-heading has-text-align-center has-ti-accent-color has-text-color\">Aline Vasum Ozga<\/h6>\n\n\n\n<p class=\"has-text-align-center has-text-color has-small-font-size\" style=\"color:#d7d7d7;line-height:1.1\">&nbsp;Programa de P\u00f3s-Gradua\u00e7\u00e3o em Biologia Animal<\/p>\n\n\n\n<div class=\"wp-block-uagb-separator uagb-block-4f0b68cc\"><div class=\"wp-block-uagb-separator__inner\" style=\"--my-background-image:\"><\/div><\/div>\n\n\n\n<p class=\"has-text-align-left has-text-color has-small-font-size\" style=\"color:#d7d7d7;line-height:1\">Taxonomia de Porifera da ba\u00eda de Camamu, Bahia, Brasil: subs\u00eddio ao estudo de padr\u00f5es de distribui\u00e7\u00e3o espacial e de biogeografia no Atl\u00e2ntico Ocidental<\/p>\n<\/div>\n<\/div>\n\n\n\n<div class=\"wp-block-column is-layout-flow wp-block-column-is-layout-flow\">\n<div class=\"wp-block-group is-layout-flow wp-block-group-is-layout-flow\">\n<figure class=\"wp-block-image alignwide size-full has-custom-border is-style-default wp-duotone-unset-7\"><img loading=\"lazy\" decoding=\"async\" width=\"617\" height=\"617\" src=\"https:\/\/pdbguilherme.com\/wp-content\/uploads\/2025\/05\/Captura-de-tela_21-5-2025_171742_web.whatsapp.com_-edited.jpeg\" alt=\"\" class=\"wp-image-349\" style=\"border-radius:20px\" srcset=\"https:\/\/pdbguilherme.com\/wp-content\/uploads\/2025\/05\/Captura-de-tela_21-5-2025_171742_web.whatsapp.com_-edited.jpeg 617w, https:\/\/pdbguilherme.com\/wp-content\/uploads\/2025\/05\/Captura-de-tela_21-5-2025_171742_web.whatsapp.com_-edited-300x300.jpeg 300w, https:\/\/pdbguilherme.com\/wp-content\/uploads\/2025\/05\/Captura-de-tela_21-5-2025_171742_web.whatsapp.com_-edited-150x150.jpeg 150w\" sizes=\"auto, (max-width: 617px) 100vw, 617px\" \/><\/figure>\n\n\n\n<h6 class=\"wp-block-heading has-text-align-center has-ti-accent-color has-text-color\">Rayane Silva Bueno<\/h6>\n\n\n\n<p class=\"has-text-align-center has-text-color has-small-font-size\" style=\"color:#d7d7d7;line-height:1.1\">Programa de P\u00f3s-Gradua\u00e7\u00e3o em Ambientes Litor\u00e2neos e Insulares<\/p>\n\n\n\n<div class=\"wp-block-uagb-separator uagb-block-66e321b0\"><div class=\"wp-block-uagb-separator__inner\" style=\"--my-background-image:\"><\/div><\/div>\n\n\n\n<p class=\"has-text-align-left has-text-color has-small-font-size\" style=\"color:#d7d7d7;line-height:1\"><a href=\"https:\/\/repositorio.unespar.edu.br\/items\/225847cf-2db0-4cda-8754-9ae355359aa3\" data-type=\"link\" data-id=\"https:\/\/repositorio.unespar.edu.br\/items\/225847cf-2db0-4cda-8754-9ae355359aa3\">Diferen\u00e7as populacionais na morfologia e desenvolvimento das sementes de <em>Dyckia encholirioides <\/em>(Gaudich.) Mez.<\/a><\/p>\n<\/div>\n<\/div>\n<\/div>\n<\/div>\n\n\n\n<div class=\"wp-block-group alignfull has-background is-layout-flow wp-block-group-is-layout-flow\" style=\"background-color:#171717;padding-top:var(--wp--preset--spacing--20);padding-bottom:var(--wp--preset--spacing--20)\">\n<h2 class=\"wp-block-heading has-text-align-center has-text-color\" style=\"color:#ffffff\">2020<\/h2>\n\n\n\n<div class=\"wp-block-columns alignwide is-layout-flex wp-container-core-columns-is-layout-28f84493 wp-block-columns-is-layout-flex\">\n<div class=\"wp-block-column is-layout-flow wp-block-column-is-layout-flow\">\n<div class=\"wp-block-group is-layout-flow wp-block-group-is-layout-flow\">\n<figure class=\"wp-block-image alignwide size-full has-custom-border is-style-default wp-duotone-unset-8\"><img loading=\"lazy\" decoding=\"async\" width=\"586\" height=\"586\" src=\"https:\/\/pdbguilherme.com\/wp-content\/uploads\/2025\/05\/Captura-de-tela_21-5-2025_171940_web.whatsapp.com_-edited.jpeg\" alt=\"\" class=\"wp-image-348\" style=\"border-radius:20px\" srcset=\"https:\/\/pdbguilherme.com\/wp-content\/uploads\/2025\/05\/Captura-de-tela_21-5-2025_171940_web.whatsapp.com_-edited.jpeg 586w, https:\/\/pdbguilherme.com\/wp-content\/uploads\/2025\/05\/Captura-de-tela_21-5-2025_171940_web.whatsapp.com_-edited-300x300.jpeg 300w, https:\/\/pdbguilherme.com\/wp-content\/uploads\/2025\/05\/Captura-de-tela_21-5-2025_171940_web.whatsapp.com_-edited-150x150.jpeg 150w\" sizes=\"auto, (max-width: 586px) 100vw, 586px\" \/><\/figure>\n\n\n\n<h6 class=\"wp-block-heading has-text-align-center has-ti-accent-color has-text-color\">Luciane Aparecida Guimar\u00e3es Feitoza<\/h6>\n\n\n\n<p class=\"has-text-align-center has-text-color has-small-font-size\" style=\"color:#d7d7d7;line-height:1.1\">Mestrado em Sistemas Costeiros e Oce\u00e2nicos<\/p>\n\n\n\n<div class=\"wp-block-uagb-separator uagb-block-81a360cc\"><div class=\"wp-block-uagb-separator__inner\" style=\"--my-background-image:\"><\/div><\/div>\n\n\n\n<p class=\"has-text-align-left has-text-color has-small-font-size\" style=\"color:#d7d7d7;line-height:1\">Padr\u00f5es macroecol\u00f3gicos de Kinorhyncha na Pen\u00ednsula Ib\u00e9rica<\/p>\n<\/div>\n<\/div>\n<\/div>\n<\/div>\n","protected":false},"excerpt":{"rendered":"<p>P\u00f3s-Gradua\u00e7\u00e3o 2025 Elliezer de Lima Correia Programa de P\u00f3s-Gradua\u00e7\u00e3o em Ambientes Litor\u00e2neos e Insulares Diversidade taxon\u00f4mica e funcional de aves costeiras do Complexo Estuarino de Paranagu\u00e1 Elliezer de Lima Correia Programa de P\u00f3s-Gradua\u00e7\u00e3o em Ambientes Litor\u00e2neos e Insulares Diversidade taxon\u00f4mica e funcional de aves costeiras do Complexo Estuarino de Paranagu\u00e1 2023 Yara Nantes Vasconcelos Programa [&hellip;]<\/p>\n","protected":false},"author":1,"featured_media":0,"parent":0,"menu_order":0,"comment_status":"closed","ping_status":"closed","template":"","meta":{"_uag_custom_page_level_css":"","footnotes":""},"class_list":["post-356","page","type-page","status-publish","hentry"],"uagb_featured_image_src":{"full":false,"thumbnail":false,"medium":false,"medium_large":false,"large":false,"1536x1536":false,"2048x2048":false},"uagb_author_info":{"display_name":"pdbguilherme","author_link":"https:\/\/pdbguilherme.com\/?author=1"},"uagb_comment_info":0,"uagb_excerpt":"P\u00f3s-Gradua\u00e7\u00e3o 2025 Elliezer de Lima Correia Programa de P\u00f3s-Gradua\u00e7\u00e3o em Ambientes Litor\u00e2neos e Insulares Diversidade taxon\u00f4mica e funcional de aves costeiras do Complexo Estuarino de Paranagu\u00e1 Elliezer de Lima Correia Programa de P\u00f3s-Gradua\u00e7\u00e3o em Ambientes Litor\u00e2neos e Insulares Diversidade taxon\u00f4mica e funcional de aves costeiras do Complexo Estuarino de Paranagu\u00e1 2023 Yara Nantes Vasconcelos Programa&hellip;","_links":{"self":[{"href":"https:\/\/pdbguilherme.com\/index.php?rest_route=\/wp\/v2\/pages\/356","targetHints":{"allow":["GET"]}}],"collection":[{"href":"https:\/\/pdbguilherme.com\/index.php?rest_route=\/wp\/v2\/pages"}],"about":[{"href":"https:\/\/pdbguilherme.com\/index.php?rest_route=\/wp\/v2\/types\/page"}],"author":[{"embeddable":true,"href":"https:\/\/pdbguilherme.com\/index.php?rest_route=\/wp\/v2\/users\/1"}],"replies":[{"embeddable":true,"href":"https:\/\/pdbguilherme.com\/index.php?rest_route=%2Fwp%2Fv2%2Fcomments&post=356"}],"version-history":[{"count":3,"href":"https:\/\/pdbguilherme.com\/index.php?rest_route=\/wp\/v2\/pages\/356\/revisions"}],"predecessor-version":[{"id":382,"href":"https:\/\/pdbguilherme.com\/index.php?rest_route=\/wp\/v2\/pages\/356\/revisions\/382"}],"wp:attachment":[{"href":"https:\/\/pdbguilherme.com\/index.php?rest_route=%2Fwp%2Fv2%2Fmedia&parent=356"}],"curies":[{"name":"wp","href":"https:\/\/api.w.org\/{rel}","templated":true}]}}