{"id":48,"date":"2023-08-11T22:20:46","date_gmt":"2023-08-12T01:20:46","guid":{"rendered":"https:\/\/pdbguilherme.com\/?page_id=48"},"modified":"2023-08-23T22:07:39","modified_gmt":"2023-08-24T01:07:39","slug":"sobre","status":"publish","type":"page","link":"https:\/\/pdbguilherme.com\/?page_id=48","title":{"rendered":"Sobre"},"content":{"rendered":"\n<div class=\"wp-block-group alignfull has-ti-accent-background-color has-background is-layout-constrained wp-container-core-group-is-layout-881565dc wp-block-group-is-layout-constrained\" style=\"padding-top:6vw;padding-right:6vw;padding-bottom:6vw;padding-left:6vw\">\n<div class=\"wp-block-group is-vertical is-nowrap is-layout-flex wp-container-core-group-is-layout-36fd9ea3 wp-block-group-is-layout-flex\" style=\"padding-right:0;padding-left:0\">\n<h6 class=\"wp-block-heading has-text-color\" id=\"ecosystem\" style=\"color:#000000;font-size:16px\">Parte 1<\/h6>\n\n\n\n<p class=\"has-text-color\" style=\"color:#000000;font-size:6vw;font-style:normal;font-weight:700;letter-spacing:0px;line-height:0.9;text-decoration:none;text-transform:none\">Ga\u00facho, l\u00e1 de Rio Grande<\/p>\n<\/div>\n\n\n\n<div style=\"height:1vw\" aria-hidden=\"true\" class=\"wp-block-spacer\"><\/div>\n\n\n\n<div class=\"wp-block-group alignwide is-vertical is-nowrap is-layout-flex wp-container-core-group-is-layout-7946b6b8 wp-block-group-is-layout-flex\" style=\"padding-top:0;padding-right:0;padding-bottom:0;padding-left:0\">\n<div class=\"wp-block-columns alignwide is-layout-flex wp-container-core-columns-is-layout-21b20327 wp-block-columns-is-layout-flex\">\n<div class=\"wp-block-column is-layout-flow wp-block-column-is-layout-flow\" style=\"flex-basis:33.38%\">\n<p class=\"has-text-color\" style=\"color:#000000;font-size:17px;line-height:1.3\">Nascido e criado em Rio Grande (RS) at\u00e9 meados dos anos 2000. At\u00e9 a grande di\u00e1spora dos Borges-Guilherme para terras mais ao norte.<\/p>\n\n\n\n<p class=\"has-text-color\" style=\"color:#000000;font-size:17px;line-height:1.3\">Quando crian\u00e7a, eu e meus primos pass\u00e1vamos muitos finais de semana no <a href=\"https:\/\/www.yachtclub.com.br\/\" data-type=\"link\" data-id=\"https:\/\/www.yachtclub.com.br\/\">Yacht Club Rio Grande<\/a>, vizinho do <a href=\"https:\/\/museu.furg.br\/index.php\/museus\/museu-oceanografico\" data-type=\"link\" data-id=\"https:\/\/museu.furg.br\/index.php\/museus\/museu-oceanografico\">Museu Oceanogr\u00e1fico\u00a0&#8220;Prof.\u00a0Eli\u00e9zer\u00a0de Carvalho\u00a0Rios&#8221;<\/a>, que acess\u00e1vamos escondidos por passagens muito secretas.<\/p>\n<\/div>\n\n\n\n<div class=\"wp-block-column is-layout-flow wp-block-column-is-layout-flow\" style=\"flex-basis:33%\">\n<div style=\"height:2vw\" aria-hidden=\"true\" class=\"wp-block-spacer\"><\/div>\n\n\n\n<figure class=\"wp-block-image size-full is-resized\"><img decoding=\"async\" src=\"https:\/\/pdbguilherme.com\/wp-content\/uploads\/2023\/08\/1984-08-xx-com-a-vo-enilda.jpeg\" alt=\"\" class=\"wp-image-178\" style=\"aspect-ratio:2\/3;object-fit:cover;width:191px\" width=\"191\" srcset=\"https:\/\/pdbguilherme.com\/wp-content\/uploads\/2023\/08\/1984-08-xx-com-a-vo-enilda.jpeg 984w, https:\/\/pdbguilherme.com\/wp-content\/uploads\/2023\/08\/1984-08-xx-com-a-vo-enilda-289x300.jpeg 289w, https:\/\/pdbguilherme.com\/wp-content\/uploads\/2023\/08\/1984-08-xx-com-a-vo-enilda-768x798.jpeg 768w\" sizes=\"(max-width: 984px) 100vw, 984px\" \/><figcaption class=\"wp-element-caption\">Beb\u00ea Pablo (1984)<\/figcaption><\/figure>\n<\/div>\n\n\n\n<div class=\"wp-block-column is-layout-flow wp-block-column-is-layout-flow\" style=\"flex-basis:33.62%\">\n<figure class=\"wp-block-image size-full\"><img loading=\"lazy\" decoding=\"async\" width=\"416\" height=\"354\" src=\"https:\/\/pdbguilherme.com\/wp-content\/uploads\/2023\/08\/eu-a-joana-na-ilha-do-mel.jpeg\" alt=\"\" class=\"wp-image-179\" style=\"aspect-ratio:2\/3;object-fit:cover\" srcset=\"https:\/\/pdbguilherme.com\/wp-content\/uploads\/2023\/08\/eu-a-joana-na-ilha-do-mel.jpeg 416w, https:\/\/pdbguilherme.com\/wp-content\/uploads\/2023\/08\/eu-a-joana-na-ilha-do-mel-300x255.jpeg 300w\" sizes=\"auto, (max-width: 416px) 100vw, 416px\" \/><figcaption class=\"wp-element-caption\">Jovem Pablo (2001)<\/figcaption><\/figure>\n<\/div>\n<\/div>\n\n\n\n<div class=\"wp-block-columns alignwide is-layout-flex wp-container-core-columns-is-layout-c24efe4f wp-block-columns-is-layout-flex\">\n<div class=\"wp-block-column is-layout-flow wp-block-column-is-layout-flow\" style=\"flex-basis:69%\">\n<figure class=\"wp-block-image size-full\"><img loading=\"lazy\" decoding=\"async\" width=\"771\" height=\"771\" src=\"https:\/\/pdbguilherme.com\/wp-content\/uploads\/2023\/08\/captura-de-tela-2021-05-23.png\" alt=\"\" class=\"wp-image-180\" srcset=\"https:\/\/pdbguilherme.com\/wp-content\/uploads\/2023\/08\/captura-de-tela-2021-05-23.png 771w, https:\/\/pdbguilherme.com\/wp-content\/uploads\/2023\/08\/captura-de-tela-2021-05-23-300x300.png 300w, https:\/\/pdbguilherme.com\/wp-content\/uploads\/2023\/08\/captura-de-tela-2021-05-23-150x150.png 150w, https:\/\/pdbguilherme.com\/wp-content\/uploads\/2023\/08\/captura-de-tela-2021-05-23-768x768.png 768w\" sizes=\"auto, (max-width: 771px) 100vw, 771px\" \/><figcaption class=\"wp-element-caption\">Passagem Secreta entre o RGYC e M. O. FURG<\/figcaption><\/figure>\n<\/div>\n\n\n\n<div class=\"wp-block-column is-vertically-aligned-center is-layout-flow wp-block-column-is-layout-flow\" style=\"flex-basis:33%\">\n<div style=\"height:2vw\" aria-hidden=\"true\" class=\"wp-block-spacer\"><\/div>\n\n\n\n<p class=\"has-text-color\" style=\"color:#000000;font-size:17px;line-height:1.3\">Com o tempo, meu interesse por natureza, animais e biologia foi crescendo&#8230;<\/p>\n<\/div>\n<\/div>\n<\/div>\n<\/div>\n\n\n\n<div class=\"wp-block-group alignfull has-ti-accent-background-color has-background is-layout-flow wp-block-group-is-layout-flow\" style=\"padding-top:6vw;padding-right:6vw;padding-bottom:6vw;padding-left:6vw\">\n<div class=\"wp-block-group is-vertical is-nowrap is-layout-flex wp-container-core-group-is-layout-36fd9ea3 wp-block-group-is-layout-flex\" style=\"padding-right:0;padding-left:0\">\n<h6 class=\"wp-block-heading has-text-color\" id=\"ecosystem\" style=\"color:#000000;font-size:16px\">Parte 2<\/h6>\n\n\n\n<p class=\"has-text-color\" style=\"color:#000000;font-size:6vw;font-style:normal;font-weight:700;letter-spacing:0px;line-height:0.9;text-decoration:none;text-transform:none\">Paranagu\u00e1<\/p>\n<\/div>\n\n\n\n<div style=\"height:1vw\" aria-hidden=\"true\" class=\"wp-block-spacer\"><\/div>\n\n\n\n<div class=\"wp-block-group alignwide is-vertical is-nowrap is-layout-flex wp-container-core-group-is-layout-7946b6b8 wp-block-group-is-layout-flex\" style=\"padding-top:0;padding-right:0;padding-bottom:0;padding-left:0\">\n<div class=\"wp-block-columns alignwide is-layout-flex wp-container-core-columns-is-layout-21b20327 wp-block-columns-is-layout-flex\">\n<div class=\"wp-block-column is-layout-flow wp-block-column-is-layout-flow\" style=\"flex-basis:33.38%\">\n<p class=\"has-text-color\" style=\"color:#000000;font-size:17px;line-height:1.3\">J\u00e1 em terras Paranaenses, meus gostos e interesses foram ficando diferentes.<\/p>\n\n\n\n<p class=\"has-text-color\" style=\"color:#000000;font-size:17px;line-height:1.3\">Eu era um metaleiro enrustido que passou em meteorologia (UFPel); em geografia (Isulpar) e em Matem\u00e1tica na antiga FAFIPAR (2004). <\/p>\n\n\n\n<p class=\"has-black-color has-text-color\" style=\"font-size:17px;line-height:1.3\">Em meados de 2005, j\u00e1 cursando Matem\u00e1tica um novo curso surgiu na FAFIPAR, Ci\u00eancias Biol\u00f3gicas.<\/p>\n<\/div>\n\n\n\n<div class=\"wp-block-column is-layout-flow wp-block-column-is-layout-flow\" style=\"flex-basis:33.62%\">\n<figure class=\"wp-block-image size-full\"><img loading=\"lazy\" decoding=\"async\" width=\"960\" height=\"960\" src=\"https:\/\/pdbguilherme.com\/wp-content\/uploads\/2023\/08\/pict5445.jpeg\" alt=\"\" class=\"wp-image-182\" style=\"aspect-ratio:16\/9;object-fit:cover\" srcset=\"https:\/\/pdbguilherme.com\/wp-content\/uploads\/2023\/08\/pict5445.jpeg 960w, https:\/\/pdbguilherme.com\/wp-content\/uploads\/2023\/08\/pict5445-300x300.jpeg 300w, https:\/\/pdbguilherme.com\/wp-content\/uploads\/2023\/08\/pict5445-150x150.jpeg 150w, https:\/\/pdbguilherme.com\/wp-content\/uploads\/2023\/08\/pict5445-768x768.jpeg 768w\" sizes=\"auto, (max-width: 960px) 100vw, 960px\" \/><figcaption class=\"wp-element-caption\">Pablo na Matem\u00e1tica (2004)<\/figcaption><\/figure>\n\n\n\n<figure class=\"wp-block-image size-large\"><img loading=\"lazy\" decoding=\"async\" width=\"1024\" height=\"1024\" src=\"https:\/\/pdbguilherme.com\/wp-content\/uploads\/2023\/08\/31.2006-1.2007.-66-1024x1024.jpeg\" alt=\"\" class=\"wp-image-183\" srcset=\"https:\/\/pdbguilherme.com\/wp-content\/uploads\/2023\/08\/31.2006-1.2007.-66-1024x1024.jpeg 1024w, https:\/\/pdbguilherme.com\/wp-content\/uploads\/2023\/08\/31.2006-1.2007.-66-300x300.jpeg 300w, https:\/\/pdbguilherme.com\/wp-content\/uploads\/2023\/08\/31.2006-1.2007.-66-150x150.jpeg 150w, https:\/\/pdbguilherme.com\/wp-content\/uploads\/2023\/08\/31.2006-1.2007.-66-768x768.jpeg 768w, https:\/\/pdbguilherme.com\/wp-content\/uploads\/2023\/08\/31.2006-1.2007.-66.jpeg 1536w\" sizes=\"auto, (max-width: 1024px) 100vw, 1024px\" \/><figcaption class=\"wp-element-caption\">Minha estrela e lua (2006)<\/figcaption><\/figure>\n<\/div>\n\n\n\n<div class=\"wp-block-column is-layout-flow wp-block-column-is-layout-flow\" style=\"flex-basis:33%\">\n<div style=\"height:2vw\" aria-hidden=\"true\" class=\"wp-block-spacer\"><\/div>\n\n\n\n<figure class=\"wp-block-image size-large is-resized\"><img decoding=\"async\" src=\"https:\/\/pdbguilherme.com\/wp-content\/uploads\/2023\/08\/cuarto1-1024x1024.jpeg\" alt=\"\" class=\"wp-image-181\" style=\"aspect-ratio:2\/3;object-fit:cover;width:191px\" width=\"191\" srcset=\"https:\/\/pdbguilherme.com\/wp-content\/uploads\/2023\/08\/cuarto1-1024x1024.jpeg 1024w, https:\/\/pdbguilherme.com\/wp-content\/uploads\/2023\/08\/cuarto1-300x300.jpeg 300w, https:\/\/pdbguilherme.com\/wp-content\/uploads\/2023\/08\/cuarto1-150x150.jpeg 150w, https:\/\/pdbguilherme.com\/wp-content\/uploads\/2023\/08\/cuarto1-768x768.jpeg 768w, https:\/\/pdbguilherme.com\/wp-content\/uploads\/2023\/08\/cuarto1.jpeg 1200w\" sizes=\"(max-width: 1024px) 100vw, 1024px\" \/><figcaption class=\"wp-element-caption\">Quarto do Dem\u00f4nio (2003)<\/figcaption><\/figure>\n<\/div>\n<\/div>\n\n\n\n<div class=\"wp-block-columns alignwide is-layout-flex wp-container-core-columns-is-layout-c24efe4f wp-block-columns-is-layout-flex\">\n<div class=\"wp-block-column is-layout-flow wp-block-column-is-layout-flow\" style=\"flex-basis:69%\">\n<figure class=\"wp-block-image size-full\"><img loading=\"lazy\" decoding=\"async\" width=\"533\" height=\"533\" src=\"https:\/\/pdbguilherme.com\/wp-content\/uploads\/2023\/08\/1270167408777.jpeg\" alt=\"\" class=\"wp-image-184\" srcset=\"https:\/\/pdbguilherme.com\/wp-content\/uploads\/2023\/08\/1270167408777.jpeg 533w, https:\/\/pdbguilherme.com\/wp-content\/uploads\/2023\/08\/1270167408777-300x300.jpeg 300w, https:\/\/pdbguilherme.com\/wp-content\/uploads\/2023\/08\/1270167408777-150x150.jpeg 150w\" sizes=\"auto, (max-width: 533px) 100vw, 533px\" \/><figcaption class=\"wp-element-caption\">Pablo, Maris, Luana e Boc\u00e3o, Graduados (2010)<\/figcaption><\/figure>\n<\/div>\n\n\n\n<div class=\"wp-block-column is-vertically-aligned-center is-layout-flow wp-block-column-is-layout-flow\" style=\"flex-basis:33%\">\n<div style=\"height:2vw\" aria-hidden=\"true\" class=\"wp-block-spacer\"><\/div>\n\n\n\n<p class=\"has-text-color\" style=\"color:#000000;font-size:17px;line-height:1.3\">Eu poderia descrever todos os passos at\u00e9 aqui, mas estou com muita pregui\u00e7a&#8230;. ent\u00e3o, vamos ao que interessa. <strong>E nos formamos em Ci\u00eancias Biol\u00f3gicas.<\/strong><\/p>\n<\/div>\n<\/div>\n<\/div>\n<\/div>\n\n\n\n<div class=\"wp-block-group alignfull has-ti-accent-background-color has-background is-layout-flow wp-block-group-is-layout-flow\" style=\"padding-top:6vw;padding-right:6vw;padding-bottom:6vw;padding-left:6vw\">\n<div class=\"wp-block-group is-vertical is-nowrap is-layout-flex wp-container-core-group-is-layout-36fd9ea3 wp-block-group-is-layout-flex\" style=\"padding-right:0;padding-left:0\">\n<h6 class=\"wp-block-heading has-text-color\" id=\"ecosystem\" style=\"color:#000000;font-size:16px\">Parte 3<\/h6>\n\n\n\n<p class=\"has-text-color\" style=\"color:#000000;font-size:6vw;font-style:normal;font-weight:700;letter-spacing:0px;line-height:0.9;text-decoration:none;text-transform:none\">Pontal do Paran\u00e1<\/p>\n<\/div>\n\n\n\n<div style=\"height:1vw\" aria-hidden=\"true\" class=\"wp-block-spacer\"><\/div>\n\n\n\n<div class=\"wp-block-group alignwide is-vertical is-nowrap is-layout-flex wp-container-core-group-is-layout-7946b6b8 wp-block-group-is-layout-flex\" style=\"padding-top:0;padding-right:0;padding-bottom:0;padding-left:0\">\n<div class=\"wp-block-columns alignwide is-layout-flex wp-container-core-columns-is-layout-21b20327 wp-block-columns-is-layout-flex\">\n<div class=\"wp-block-column is-layout-flow wp-block-column-is-layout-flow\" style=\"flex-basis:33.38%\">\n<p class=\"has-text-color\" style=\"color:#000000;font-size:17px;line-height:1.3\">Trabalhei&#8230; 1 ano. Em coisas que nada tinham a ver com a biologia e estudei!<\/p>\n\n\n\n<p class=\"has-text-color\" style=\"color:#000000;font-size:17px;line-height:1.3\">Estudei e passei no Mestrado em Ecologia e Conserva\u00e7\u00e3o na UFPR. <\/p>\n\n\n\n<p class=\"has-black-color has-text-color\" style=\"font-size:17px;line-height:1.3\">Depois disso? continuei estudando&#8230; e passei no Doutorado em Ecologia e Conserva\u00e7\u00e3o. Passei todos esses anos estudando o caranguejo de praia, sabe? <em>Ocypode quadrata<\/em>.<\/p>\n<\/div>\n\n\n\n<div class=\"wp-block-column is-layout-flow wp-block-column-is-layout-flow\" style=\"flex-basis:33%\">\n<div style=\"height:2vw\" aria-hidden=\"true\" class=\"wp-block-spacer\"><\/div>\n\n\n\n<figure class=\"wp-block-image size-full is-resized\"><img decoding=\"async\" src=\"https:\/\/pdbguilherme.com\/wp-content\/uploads\/2023\/08\/dscf2926.jpeg\" alt=\"\" class=\"wp-image-185\" style=\"aspect-ratio:2\/3;object-fit:cover;width:191px\" width=\"191\" srcset=\"https:\/\/pdbguilherme.com\/wp-content\/uploads\/2023\/08\/dscf2926.jpeg 768w, https:\/\/pdbguilherme.com\/wp-content\/uploads\/2023\/08\/dscf2926-300x300.jpeg 300w, https:\/\/pdbguilherme.com\/wp-content\/uploads\/2023\/08\/dscf2926-150x150.jpeg 150w\" sizes=\"(max-width: 768px) 100vw, 768px\" \/><figcaption class=\"wp-element-caption\">Fazendo biologia (2006?)<\/figcaption><\/figure>\n<\/div>\n\n\n\n<div class=\"wp-block-column is-layout-flow wp-block-column-is-layout-flow\" style=\"flex-basis:33.62%\">\n<figure class=\"wp-block-image size-large is-resized\"><img decoding=\"async\" src=\"https:\/\/pdbguilherme.com\/wp-content\/uploads\/2023\/08\/dsc05226-1024x1024.jpeg\" alt=\"\" class=\"wp-image-186\" style=\"aspect-ratio:4\/3;object-fit:cover;width:196px\" width=\"196\" srcset=\"https:\/\/pdbguilherme.com\/wp-content\/uploads\/2023\/08\/dsc05226-1024x1024.jpeg 1024w, https:\/\/pdbguilherme.com\/wp-content\/uploads\/2023\/08\/dsc05226-300x300.jpeg 300w, https:\/\/pdbguilherme.com\/wp-content\/uploads\/2023\/08\/dsc05226-150x150.jpeg 150w, https:\/\/pdbguilherme.com\/wp-content\/uploads\/2023\/08\/dsc05226-768x768.jpeg 768w, https:\/\/pdbguilherme.com\/wp-content\/uploads\/2023\/08\/dsc05226.jpeg 1224w\" sizes=\"(max-width: 1024px) 100vw, 1024px\" \/><figcaption class=\"wp-element-caption\">Ecologia de Campo (2012)<\/figcaption><\/figure>\n\n\n\n<figure class=\"wp-block-image size-full\"><img loading=\"lazy\" decoding=\"async\" width=\"325\" height=\"325\" src=\"https:\/\/pdbguilherme.com\/wp-content\/uploads\/2023\/08\/imagem5.jpeg\" alt=\"\" class=\"wp-image-187\" srcset=\"https:\/\/pdbguilherme.com\/wp-content\/uploads\/2023\/08\/imagem5.jpeg 325w, https:\/\/pdbguilherme.com\/wp-content\/uploads\/2023\/08\/imagem5-300x300.jpeg 300w, https:\/\/pdbguilherme.com\/wp-content\/uploads\/2023\/08\/imagem5-150x150.jpeg 150w\" sizes=\"auto, (max-width: 325px) 100vw, 325px\" \/><figcaption class=\"wp-element-caption\">Pablo e os Pok\u00e9mons (2016)<\/figcaption><\/figure>\n<\/div>\n<\/div>\n\n\n\n<div class=\"wp-block-columns alignwide is-layout-flex wp-container-core-columns-is-layout-c24efe4f wp-block-columns-is-layout-flex\">\n<div class=\"wp-block-column is-layout-flow wp-block-column-is-layout-flow\" style=\"flex-basis:69%\">\n<figure class=\"wp-block-image size-large\"><img loading=\"lazy\" decoding=\"async\" width=\"1024\" height=\"768\" src=\"https:\/\/pdbguilherme.com\/wp-content\/uploads\/2023\/08\/DSCN5845-1024x768.jpg\" alt=\"\" class=\"wp-image-188\" srcset=\"https:\/\/pdbguilherme.com\/wp-content\/uploads\/2023\/08\/DSCN5845-1024x768.jpg 1024w, https:\/\/pdbguilherme.com\/wp-content\/uploads\/2023\/08\/DSCN5845-300x225.jpg 300w, https:\/\/pdbguilherme.com\/wp-content\/uploads\/2023\/08\/DSCN5845-768x576.jpg 768w, https:\/\/pdbguilherme.com\/wp-content\/uploads\/2023\/08\/DSCN5845-1536x1152.jpg 1536w, https:\/\/pdbguilherme.com\/wp-content\/uploads\/2023\/08\/DSCN5845-2048x1536.jpg 2048w\" sizes=\"auto, (max-width: 1024px) 100vw, 1024px\" \/><figcaption class=\"wp-element-caption\"><em>Ocypode quadrata<\/em>, lind\u00e3o em Sergipe (20xx)<\/figcaption><\/figure>\n<\/div>\n\n\n\n<div class=\"wp-block-column is-vertically-aligned-center is-layout-flow wp-block-column-is-layout-flow\" style=\"flex-basis:33%\">\n<div style=\"height:2vw\" aria-hidden=\"true\" class=\"wp-block-spacer\"><\/div>\n\n\n\n<p class=\"has-text-color\" style=\"color:#000000;font-size:17px;line-height:1.3\">Eu poderia descrever todos os passos at\u00e9 aqui, mas estou com muita pregui\u00e7a&#8230;. de novo (pra que faz site ent\u00e3o n\u00e9?).<\/p>\n<\/div>\n<\/div>\n<\/div>\n<\/div>\n\n\n\n<div class=\"wp-block-group alignfull has-ti-accent-background-color has-background is-layout-flow wp-block-group-is-layout-flow\" style=\"padding-top:6vw;padding-right:6vw;padding-bottom:6vw;padding-left:6vw\">\n<div class=\"wp-block-group is-vertical is-nowrap is-layout-flex wp-container-core-group-is-layout-36fd9ea3 wp-block-group-is-layout-flex\" style=\"padding-right:0;padding-left:0\">\n<h6 class=\"wp-block-heading has-text-color\" id=\"ecosystem\" style=\"color:#000000;font-size:16px\">Parte 4 &#8211; ultima!!<\/h6>\n\n\n\n<p class=\"has-text-color\" style=\"color:#000000;font-size:6vw;font-style:normal;font-weight:700;letter-spacing:0px;line-height:0.9;text-decoration:none;text-transform:none\">L\u00e1 de volta outra vez.<\/p>\n<\/div>\n\n\n\n<div style=\"height:1vw\" aria-hidden=\"true\" class=\"wp-block-spacer\"><\/div>\n\n\n\n<div class=\"wp-block-group alignwide is-vertical is-nowrap is-layout-flex wp-container-core-group-is-layout-7946b6b8 wp-block-group-is-layout-flex\" style=\"padding-top:0;padding-right:0;padding-bottom:0;padding-left:0\">\n<div class=\"wp-block-columns alignwide is-layout-flex wp-container-core-columns-is-layout-21b20327 wp-block-columns-is-layout-flex\">\n<div class=\"wp-block-column is-layout-flow wp-block-column-is-layout-flow\" style=\"flex-basis:33.38%\">\n<p class=\"has-text-color\" style=\"color:#000000;font-size:17px;line-height:1.3\">Depois de 400 anos estudando, o que eu fiz? Estudei mais um pouco&#8230; enquanto esperava uma cadeira pra chamar de minha.<\/p>\n\n\n\n<p class=\"has-text-color\" style=\"color:#000000;font-size:17px;line-height:1.3\">Fiz p\u00f3s-doc na UFF, triei material de consultoria e dou aula pra um bando de aluno na UNESPAR.<\/p>\n\n\n\n<p class=\"has-black-color has-text-color\" style=\"font-size:17px;line-height:1.3\">Em 2022, passei no concurso publico pra ser professor efetivo na UNESPAR <em>campus <\/em>de Paranagu\u00e1&#8230; Por enquanto, esperando o Ratinho me chamar.<\/p>\n<\/div>\n\n\n\n<div class=\"wp-block-column is-layout-flow wp-block-column-is-layout-flow\" style=\"flex-basis:33%\">\n<div style=\"height:2vw\" aria-hidden=\"true\" class=\"wp-block-spacer\"><\/div>\n\n\n\n<figure class=\"wp-block-image size-full is-resized\"><img loading=\"lazy\" decoding=\"async\" src=\"https:\/\/pdbguilherme.com\/wp-content\/uploads\/2023\/08\/WP_20151008_003-edited.jpg\" alt=\"\" class=\"wp-image-190\" style=\"object-fit:cover;width:191px;height:287px\" width=\"191\" height=\"287\"\/><figcaption class=\"wp-element-caption\">Pablo e o banner (2016)<\/figcaption><\/figure>\n<\/div>\n\n\n\n<div class=\"wp-block-column is-layout-flow wp-block-column-is-layout-flow\" style=\"flex-basis:33.62%\">\n<figure class=\"wp-block-image size-large is-resized\"><img decoding=\"async\" src=\"https:\/\/pdbguilherme.com\/wp-content\/uploads\/2023\/08\/DSCN5512-1024x1024.jpg\" alt=\"\" class=\"wp-image-191\" style=\"aspect-ratio:4\/3;object-fit:cover;width:196px\" width=\"196\" srcset=\"https:\/\/pdbguilherme.com\/wp-content\/uploads\/2023\/08\/DSCN5512-1024x1024.jpg 1024w, https:\/\/pdbguilherme.com\/wp-content\/uploads\/2023\/08\/DSCN5512-300x300.jpg 300w, https:\/\/pdbguilherme.com\/wp-content\/uploads\/2023\/08\/DSCN5512-150x150.jpg 150w, https:\/\/pdbguilherme.com\/wp-content\/uploads\/2023\/08\/DSCN5512-768x768.jpg 768w, https:\/\/pdbguilherme.com\/wp-content\/uploads\/2023\/08\/DSCN5512-1536x1536.jpg 1536w, https:\/\/pdbguilherme.com\/wp-content\/uploads\/2023\/08\/DSCN5512-2048x2048.jpg 2048w\" sizes=\"(max-width: 1024px) 100vw, 1024px\" \/><figcaption class=\"wp-element-caption\">Pablo conta toca (2018)<\/figcaption><\/figure>\n\n\n\n<figure class=\"wp-block-image size-large\"><img loading=\"lazy\" decoding=\"async\" width=\"1024\" height=\"1024\" src=\"https:\/\/pdbguilherme.com\/wp-content\/uploads\/2023\/08\/20200709_104017-1024x1024.jpg\" alt=\"\" class=\"wp-image-192\" srcset=\"https:\/\/pdbguilherme.com\/wp-content\/uploads\/2023\/08\/20200709_104017-1024x1024.jpg 1024w, https:\/\/pdbguilherme.com\/wp-content\/uploads\/2023\/08\/20200709_104017-300x300.jpg 300w, https:\/\/pdbguilherme.com\/wp-content\/uploads\/2023\/08\/20200709_104017-150x150.jpg 150w, https:\/\/pdbguilherme.com\/wp-content\/uploads\/2023\/08\/20200709_104017-768x768.jpg 768w, https:\/\/pdbguilherme.com\/wp-content\/uploads\/2023\/08\/20200709_104017-1536x1536.jpg 1536w, https:\/\/pdbguilherme.com\/wp-content\/uploads\/2023\/08\/20200709_104017-2048x2048.jpg 2048w\" sizes=\"auto, (max-width: 1024px) 100vw, 1024px\" \/><figcaption class=\"wp-element-caption\">Pablo com coco na m\u00e3o (2019)<\/figcaption><\/figure>\n<\/div>\n<\/div>\n\n\n\n<div class=\"wp-block-columns alignwide is-layout-flex wp-container-core-columns-is-layout-c24efe4f wp-block-columns-is-layout-flex\">\n<div class=\"wp-block-column is-layout-flow wp-block-column-is-layout-flow\" style=\"flex-basis:69%\">\n<figure class=\"wp-block-image size-large\"><img loading=\"lazy\" decoding=\"async\" width=\"1024\" height=\"576\" src=\"https:\/\/pdbguilherme.com\/wp-content\/uploads\/2023\/08\/IMG_20221023_083151730-1024x576.jpg\" alt=\"\" class=\"wp-image-193\" srcset=\"https:\/\/pdbguilherme.com\/wp-content\/uploads\/2023\/08\/IMG_20221023_083151730-1024x576.jpg 1024w, https:\/\/pdbguilherme.com\/wp-content\/uploads\/2023\/08\/IMG_20221023_083151730-300x169.jpg 300w, https:\/\/pdbguilherme.com\/wp-content\/uploads\/2023\/08\/IMG_20221023_083151730-768x432.jpg 768w, https:\/\/pdbguilherme.com\/wp-content\/uploads\/2023\/08\/IMG_20221023_083151730-1536x864.jpg 1536w, https:\/\/pdbguilherme.com\/wp-content\/uploads\/2023\/08\/IMG_20221023_083151730-2048x1152.jpg 2048w\" sizes=\"auto, (max-width: 1024px) 100vw, 1024px\" \/><figcaption class=\"wp-element-caption\">Dia da prova escrita (2022)<\/figcaption><\/figure>\n<\/div>\n\n\n\n<div class=\"wp-block-column is-vertically-aligned-center is-layout-flow wp-block-column-is-layout-flow\" style=\"flex-basis:33%\">\n<div style=\"height:2vw\" aria-hidden=\"true\" class=\"wp-block-spacer\"><\/div>\n\n\n\n<p class=\"has-text-color\" style=\"color:#000000;font-size:17px;line-height:1.3\">Esse \u00e9 o fim.. por enquanto, sabe onde me encontrar?<\/p>\n<\/div>\n<\/div>\n<\/div>\n\n\n\n<figure class=\"wp-block-embed aligncenter is-type-rich is-provider-crowdsignal wp-block-embed-crowdsignal\" style=\"margin-top:0;margin-right:0;margin-bottom:0;margin-left:0\"><div class=\"wp-block-embed__wrapper\">\n<script>var pd_tags = new Array;pd_tags[\"12675194-src\"]=\"poll-oembed-simple\";<\/script><script type=\"text\/javascript\" charset=\"utf-8\" src=\"https:\/\/secure.polldaddy.com\/p\/12675194.js\"><\/script><noscript><iframe title=\"Sabe onde me encontrar?\" src=\"https:\/\/poll.fm\/12675194\/embed\" frameborder=\"0\" class=\"cs-iframe-embed\"><\/iframe><\/noscript>\n<\/div><\/figure>\n<\/div>\n","protected":false},"excerpt":{"rendered":"<p>Parte 1 Ga\u00facho, l\u00e1 de Rio Grande Nascido e criado em Rio Grande (RS) at\u00e9 meados dos anos 2000. At\u00e9 a grande di\u00e1spora dos Borges-Guilherme para terras mais ao norte. Quando crian\u00e7a, eu e meus primos pass\u00e1vamos muitos finais de semana no Yacht Club Rio Grande, vizinho do Museu Oceanogr\u00e1fico\u00a0&#8220;Prof.\u00a0Eli\u00e9zer\u00a0de Carvalho\u00a0Rios&#8221;, que acess\u00e1vamos escondidos por [&hellip;]<\/p>\n","protected":false},"author":1,"featured_media":0,"parent":0,"menu_order":0,"comment_status":"closed","ping_status":"closed","template":"","meta":{"_uag_custom_page_level_css":"","footnotes":""},"class_list":["post-48","page","type-page","status-publish","hentry"],"uagb_featured_image_src":{"full":false,"thumbnail":false,"medium":false,"medium_large":false,"large":false,"1536x1536":false,"2048x2048":false},"uagb_author_info":{"display_name":"pdbguilherme","author_link":"https:\/\/pdbguilherme.com\/?author=1"},"uagb_comment_info":0,"uagb_excerpt":"Parte 1 Ga\u00facho, l\u00e1 de Rio Grande Nascido e criado em Rio Grande (RS) at\u00e9 meados dos anos 2000. At\u00e9 a grande di\u00e1spora dos Borges-Guilherme para terras mais ao norte. Quando crian\u00e7a, eu e meus primos pass\u00e1vamos muitos finais de semana no Yacht Club Rio Grande, vizinho do Museu Oceanogr\u00e1fico\u00a0&#8220;Prof.\u00a0Eli\u00e9zer\u00a0de Carvalho\u00a0Rios&#8221;, que acess\u00e1vamos escondidos por&hellip;","_links":{"self":[{"href":"https:\/\/pdbguilherme.com\/index.php?rest_route=\/wp\/v2\/pages\/48","targetHints":{"allow":["GET"]}}],"collection":[{"href":"https:\/\/pdbguilherme.com\/index.php?rest_route=\/wp\/v2\/pages"}],"about":[{"href":"https:\/\/pdbguilherme.com\/index.php?rest_route=\/wp\/v2\/types\/page"}],"author":[{"embeddable":true,"href":"https:\/\/pdbguilherme.com\/index.php?rest_route=\/wp\/v2\/users\/1"}],"replies":[{"embeddable":true,"href":"https:\/\/pdbguilherme.com\/index.php?rest_route=%2Fwp%2Fv2%2Fcomments&post=48"}],"version-history":[{"count":5,"href":"https:\/\/pdbguilherme.com\/index.php?rest_route=\/wp\/v2\/pages\/48\/revisions"}],"predecessor-version":[{"id":197,"href":"https:\/\/pdbguilherme.com\/index.php?rest_route=\/wp\/v2\/pages\/48\/revisions\/197"}],"wp:attachment":[{"href":"https:\/\/pdbguilherme.com\/index.php?rest_route=%2Fwp%2Fv2%2Fmedia&parent=48"}],"curies":[{"name":"wp","href":"https:\/\/api.w.org\/{rel}","templated":true}]}}